{"id":2652,"date":"2023-04-11T01:14:23","date_gmt":"2023-04-11T01:14:23","guid":{"rendered":"http:\/\/nygendometriosis.com\/?page_id=2652"},"modified":"2023-08-19T16:46:59","modified_gmt":"2023-08-19T20:46:59","slug":"new-local-patient-new-york-city","status":"publish","type":"page","link":"https:\/\/nygendometriosis.com\/es\/new-local-patient-new-york-city\/","title":{"rendered":"New Local Patient (New York City)"},"content":{"rendered":"<div data-elementor-type=\"wp-page\" data-elementor-id=\"2652\" class=\"elementor elementor-2652\" data-elementor-post-type=\"page\">\n\t\t\t\t\t\t<section class=\"elementor-section elementor-top-section elementor-element elementor-element-91d3db8 elementor-section-boxed elementor-section-height-default elementor-section-height-default\" data-id=\"91d3db8\" data-element_type=\"section\" data-e-type=\"section\" data-settings=\"{&quot;background_background&quot;:&quot;classic&quot;}\">\n\t\t\t\t\t\t<div class=\"elementor-container elementor-column-gap-default\">\n\t\t\t\t\t<div class=\"elementor-column elementor-col-50 elementor-top-column elementor-element elementor-element-c38e9f3\" data-id=\"c38e9f3\" data-element_type=\"column\" data-e-type=\"column\" data-settings=\"{&quot;background_background&quot;:&quot;classic&quot;}\">\n\t\t\t<div class=\"elementor-widget-wrap elementor-element-populated\">\n\t\t\t\t\t\t<div class=\"elementor-element elementor-element-b1d12b0 elementor-widget elementor-widget-heading\" data-id=\"b1d12b0\" data-element_type=\"widget\" data-e-type=\"widget\" data-widget_type=\"heading.default\">\n\t\t\t\t<div class=\"elementor-widget-container\">\n\t\t\t\t\t<h1 class=\"elementor-heading-title elementor-size-large\">Pasos para programar una cita para una visita al consultorio de New York Gynecology Endometriosis (NYGE)<\/h1>\t\t\t\t<\/div>\n\t\t\t\t<\/div>\n\t\t\t\t<div class=\"elementor-element elementor-element-8bea318 elementor-widget elementor-widget-heading\" data-id=\"8bea318\" data-element_type=\"widget\" data-e-type=\"widget\" data-widget_type=\"heading.default\">\n\t\t\t\t<div class=\"elementor-widget-container\">\n\t\t\t\t\t<h1 class=\"elementor-heading-title elementor-size-large translation-block\">solo para <strong style=\"font-weight: 600 !important\">nuevo paciente local<\/strong><\/h1>\t\t\t\t<\/div>\n\t\t\t\t<\/div>\n\t\t\t\t<div class=\"elementor-element elementor-element-213ef43 elementor-widget elementor-widget-heading\" data-id=\"213ef43\" data-element_type=\"widget\" data-e-type=\"widget\" data-widget_type=\"heading.default\">\n\t\t\t\t<div class=\"elementor-widget-container\">\n\t\t\t\t\t<p class=\"elementor-heading-title elementor-size-default\">Si reside en el estado de Nueva York o en el \u00e1rea triestatal circundante, consulte las siguientes instrucciones:<\/p>\t\t\t\t<\/div>\n\t\t\t\t<\/div>\n\t\t\t\t<div class=\"elementor-element elementor-element-f85e62b elementor-widget elementor-widget-heading\" data-id=\"f85e62b\" data-element_type=\"widget\" data-e-type=\"widget\" data-widget_type=\"heading.default\">\n\t\t\t\t<div class=\"elementor-widget-container\">\n\t\t\t\t\t<h3 class=\"elementor-heading-title elementor-size-large translation-block\"><strong>Paso 1:<\/strong> Reserve una consulta<\/h3>\t\t\t\t<\/div>\n\t\t\t\t<\/div>\n\t\t\t\t<div class=\"elementor-element elementor-element-4af87a2 white-link elementor-widget elementor-widget-text-editor\" data-id=\"4af87a2\" data-element_type=\"widget\" data-e-type=\"widget\" data-widget_type=\"text-editor.default\">\n\t\t\t\t<div class=\"elementor-widget-container\">\n\t\t\t\t\t\t\t\t\t<p class=\"translation-block\"><strong>Por tel\u00e9fono:<\/strong> Llame a nuestra oficina para hablar con nuestra gerente de oficina <em>Danielle Medina<\/em> al <a href=\"tel:(631) 533-9733\" target=\"_self\"> (631) 533-9733<\/a><\/p><h4>O<\/h4><p>Env\u00ede una consulta a trav\u00e9s de nuestra p\u00e1gina web y revisaremos los detalles de su caso. Haga clic en el bot\u00f3n de abajo:<\/p>\t\t\t\t\t\t\t\t<\/div>\n\t\t\t\t<\/div>\n\t\t\t\t<div class=\"elementor-element elementor-element-8b65422 elementor-widget elementor-widget-button\" data-id=\"8b65422\" data-element_type=\"widget\" data-e-type=\"widget\" data-widget_type=\"button.default\">\n\t\t\t\t<div class=\"elementor-widget-container\">\n\t\t\t\t\t\t\t\t\t<div class=\"elementor-button-wrapper\">\n\t\t\t\t\t<a class=\"elementor-button elementor-button-link elementor-size-sm\" href=\"https:\/\/nygendometriosis.com\/es\/revisar-mi-caso\/\">\n\t\t\t\t\t\t<span class=\"elementor-button-content-wrapper\">\n\t\t\t\t\t\t\t\t\t<span class=\"elementor-button-text\">Revisar mi caso<\/span>\n\t\t\t\t\t<\/span>\n\t\t\t\t\t<\/a>\n\t\t\t\t<\/div>\n\t\t\t\t\t\t\t\t<\/div>\n\t\t\t\t<\/div>\n\t\t\t\t<div class=\"elementor-element elementor-element-47f88b7 elementor-widget elementor-widget-heading\" data-id=\"47f88b7\" data-element_type=\"widget\" data-e-type=\"widget\" data-widget_type=\"heading.default\">\n\t\t\t\t<div class=\"elementor-widget-container\">\n\t\t\t\t\t<h3 class=\"elementor-heading-title elementor-size-large translation-block\"><strong>Paso 2:<\/strong> Complete nuestro Cuestionario de historial de salud<\/h3>\t\t\t\t<\/div>\n\t\t\t\t<\/div>\n\t\t\t\t<div class=\"elementor-element elementor-element-b57118a elementor-widget elementor-widget-text-editor\" data-id=\"b57118a\" data-element_type=\"widget\" data-e-type=\"widget\" data-widget_type=\"text-editor.default\">\n\t\t\t\t<div class=\"elementor-widget-container\">\n\t\t\t\t\t\t\t\t\t<p class=\"translation-block\">Le proporcionaremos un formulario de cuestionario de historial de salud en l\u00ednea, que puede completar antes de su visita o <em>llegar<\/em> <span style=\"text-decoration: underline\"><strong>30 minutos antes<\/strong><\/span><em> en la oficina para completarlo en persona.<\/em><\/p>\t\t\t\t\t\t\t\t<\/div>\n\t\t\t\t<\/div>\n\t\t\t\t<div class=\"elementor-element elementor-element-9c622d9 elementor-widget elementor-widget-heading\" data-id=\"9c622d9\" data-element_type=\"widget\" data-e-type=\"widget\" data-widget_type=\"heading.default\">\n\t\t\t\t<div class=\"elementor-widget-container\">\n\t\t\t\t\t<h3 class=\"elementor-heading-title elementor-size-large translation-block\"><strong>Paso 3:<\/strong> env\u00edenos sus registros m\u00e9dicos<\/h3>\t\t\t\t<\/div>\n\t\t\t\t<\/div>\n\t\t\t\t<div class=\"elementor-element elementor-element-7c7b378 elementor-widget elementor-widget-text-editor\" data-id=\"7c7b378\" data-element_type=\"widget\" data-e-type=\"widget\" data-widget_type=\"text-editor.default\">\n\t\t\t\t<div class=\"elementor-widget-container\">\n\t\t\t\t\t\t\t\t\t<ul><li>im\u00e1genes recientes como resonancia magn\u00e9tica y ultrasonido<\/li><li>resultados de laboratorio<\/li><li>Informes quir\u00fargicos de quir\u00f3fano, que incluyen patolog\u00eda e im\u00e1genes del procedimiento.<\/li><li>lista de medicamentos<\/li><\/ul>\t\t\t\t\t\t\t\t<\/div>\n\t\t\t\t<\/div>\n\t\t\t\t<div class=\"elementor-element elementor-element-da33704 elementor-widget elementor-widget-text-editor\" data-id=\"da33704\" data-element_type=\"widget\" data-e-type=\"widget\" data-widget_type=\"text-editor.default\">\n\t\t\t\t<div class=\"elementor-widget-container\">\n\t\t\t\t\t\t\t\t\t<p class=\"translation-block\"><em>Nota:<\/em> Si no tiene sus registros con usted, tiene la opci\u00f3n de solicitar a su m\u00e9dico de atenci\u00f3n primaria que nos env\u00ede los documentos pertinentes.<\/p><p class=\"translation-block\">De conformidad con las regulaciones gubernamentales, los pacientes deben completar un <strong>formulario de divulgaci\u00f3n m\u00e9dica<\/strong> para autorizar a su m\u00e9dico a enviar sus registros m\u00e9dicos a otro m\u00e9dico. Una vez que haya enviado un formulario de divulgaci\u00f3n m\u00e9dica completo a su m\u00e9dico, sus registros m\u00e9dicos se nos enviar\u00e1n directamente.<\/p>\t\t\t\t\t\t\t\t<\/div>\n\t\t\t\t<\/div>\n\t\t\t\t<div class=\"elementor-element elementor-element-e72a052 elementor-widget elementor-widget-button\" data-id=\"e72a052\" data-element_type=\"widget\" data-e-type=\"widget\" data-widget_type=\"button.default\">\n\t\t\t\t<div class=\"elementor-widget-container\">\n\t\t\t\t\t\t\t\t\t<div class=\"elementor-button-wrapper\">\n\t\t\t\t\t<a class=\"elementor-button elementor-button-link elementor-size-sm\" href=\"https:\/\/nygendometriosis.com\/wp-content\/uploads\/2023\/04\/RECORDS-RELEASE-AUTHORIZATION.pdf\" target=\"_blank\" rel=\"nofollow\">\n\t\t\t\t\t\t<span class=\"elementor-button-content-wrapper\">\n\t\t\t\t\t\t\t\t\t<span class=\"elementor-button-text\">Formulario de autorizaci\u00f3n m\u00e9dica<\/span>\n\t\t\t\t\t<\/span>\n\t\t\t\t\t<\/a>\n\t\t\t\t<\/div>\n\t\t\t\t\t\t\t\t<\/div>\n\t\t\t\t<\/div>\n\t\t\t\t\t<\/div>\n\t\t<\/div>\n\t\t\t\t<div class=\"elementor-column elementor-col-50 elementor-top-column elementor-element elementor-element-c1bcad6 elementor-hidden-mobile\" data-id=\"c1bcad6\" data-element_type=\"column\" data-e-type=\"column\" data-settings=\"{&quot;background_background&quot;:&quot;classic&quot;}\">\n\t\t\t<div class=\"elementor-widget-wrap\">\n\t\t\t\t\t\t\t<\/div>\n\t\t<\/div>\n\t\t\t\t\t<\/div>\n\t\t<\/section>\n\t\t\t\t<section class=\"elementor-section elementor-top-section elementor-element elementor-element-2b14c10c elementor-section-boxed elementor-section-height-default elementor-section-height-default\" data-id=\"2b14c10c\" data-element_type=\"section\" data-e-type=\"section\" data-settings=\"{&quot;background_background&quot;:&quot;classic&quot;}\">\n\t\t\t\t\t\t<div class=\"elementor-container elementor-column-gap-default\">\n\t\t\t\t\t<div class=\"elementor-column elementor-col-100 elementor-top-column elementor-element elementor-element-5676ba0c\" data-id=\"5676ba0c\" data-element_type=\"column\" data-e-type=\"column\">\n\t\t\t<div class=\"elementor-widget-wrap elementor-element-populated\">\n\t\t\t\t\t\t<div class=\"elementor-element elementor-element-2641af81 elementor-widget elementor-widget-heading\" data-id=\"2641af81\" data-element_type=\"widget\" data-e-type=\"widget\" data-widget_type=\"heading.default\">\n\t\t\t\t<div class=\"elementor-widget-container\">\n\t\t\t\t\t<h2 class=\"elementor-heading-title elementor-size-default\">Aceptamos la mayor\u00eda de los principales planes de seguro<\/h2>\t\t\t\t<\/div>\n\t\t\t\t<\/div>\n\t\t\t\t<div class=\"elementor-element elementor-element-24d930a6 elementor-widget elementor-widget-text-editor\" data-id=\"24d930a6\" data-element_type=\"widget\" data-e-type=\"widget\" data-widget_type=\"text-editor.default\">\n\t\t\t\t<div class=\"elementor-widget-container\">\n\t\t\t\t\t\t\t\t\t<p><strong>Convenientes opciones de facturaci\u00f3n para una cobertura completa.<\/strong><\/p><p>Las cirug\u00edas generalmente est\u00e1n cubiertas por un seguro de salud. Sin embargo, el alcance de la cobertura puede variar seg\u00fan el plan y la p\u00f3liza de seguro espec\u00edficos. Algunos planes de seguro pueden cubrir una amplia gama de procedimientos quir\u00fargicos, incluidas cirug\u00edas electivas y necesarias, mientras que otros pueden tener limitaciones o exclusiones para ciertos procedimientos.<strong><br \/><\/strong><\/p><p class=\"translation-block\">En algunos casos, ciertos planes o programas de seguros pueden cubrir completamente el costo de la cirug\u00eda, dejando al paciente <em><strong>sin responsabilidad financiera<\/strong><\/em>.<\/p>\t\t\t\t\t\t\t\t<\/div>\n\t\t\t\t<\/div>\n\t\t\t\t\t<\/div>\n\t\t<\/div>\n\t\t\t\t\t<\/div>\n\t\t<\/section>\n\t\t\t\t<section class=\"elementor-section elementor-top-section elementor-element elementor-element-6f6fd23 elementor-section-full_width elementor-section-height-default elementor-section-height-default\" data-id=\"6f6fd23\" data-element_type=\"section\" data-e-type=\"section\">\n\t\t\t\t\t\t<div class=\"elementor-container elementor-column-gap-default\">\n\t\t\t\t\t<div class=\"elementor-column elementor-col-100 elementor-top-column elementor-element elementor-element-6bd3547\" data-id=\"6bd3547\" data-element_type=\"column\" data-e-type=\"column\">\n\t\t\t<div class=\"elementor-widget-wrap elementor-element-populated\">\n\t\t\t\t\t\t<div class=\"elementor-element elementor-element-69704f52 elementor-widget elementor-widget-google_maps\" data-id=\"69704f52\" data-element_type=\"widget\" data-e-type=\"widget\" data-widget_type=\"google_maps.default\">\n\t\t\t\t<div class=\"elementor-widget-container\">\n\t\t\t\t\t\t\t<div class=\"elementor-custom-embed\">\n\t\t\t<iframe loading=\"lazy\"\n\t\t\t\t\tsrc=\"https:\/\/maps.google.com\/maps?q=375%20E.%20Main%20Street%2C%20Suite%207%2C%20Bay%20Shore%2C%20NY%2011706&#038;t=m&#038;z=15&#038;output=embed&#038;iwloc=near\"\n\t\t\t\t\ttitle=\"375 E. Main Street, Suite 7, Bay Shore, NY 11706\"\n\t\t\t\t\taria-label=\"375 E. Main Street, Suite 7, Bay Shore, NY 11706\"\n\t\t\t><\/iframe>\n\t\t<\/div>\n\t\t\t\t\t\t<\/div>\n\t\t\t\t<\/div>\n\t\t\t\t\t<\/div>\n\t\t<\/div>\n\t\t\t\t\t<\/div>\n\t\t<\/section>\n\t\t\t\t<\/div>","protected":false},"excerpt":{"rendered":"<p>Steps to Book an Appointment for an office visit with New York Gynecology Endometriosis (NYGE) for New Local Patient only If you reside in New York State or the surrounding tri-state area, kindly refer to the following instructions: Step 1: Book a Consultation Over the phone: Call our office to speak with our office manager [&hellip;]<\/p>\n","protected":false},"author":1,"featured_media":0,"parent":0,"menu_order":0,"comment_status":"closed","ping_status":"closed","template":"","meta":{"footnotes":""},"class_list":["post-2652","page","type-page","status-publish","hentry"],"yoast_head":"<!-- This site is optimized with the Yoast SEO plugin v27.4 - https:\/\/yoast.com\/product\/yoast-seo-wordpress\/ -->\n<title>New Local Patient (New York City) - New York Gynecology Endometriosis<\/title>\n<meta name=\"description\" content=\"Steps to Book an Appointment for an office visit with New York Gynecology Endometriosis (NYGE) for New Local Patient only\" \/>\n<meta name=\"robots\" content=\"index, follow, max-snippet:-1, max-image-preview:large, max-video-preview:-1\" \/>\n<link rel=\"canonical\" href=\"https:\/\/nygendometriosis.com\/es\/nueva-local-paciente-nueva-york-city\/\" \/>\n<meta property=\"og:locale\" content=\"es_ES\" \/>\n<meta property=\"og:type\" content=\"article\" \/>\n<meta property=\"og:title\" content=\"New Local Patient (New York City) - New York Gynecology Endometriosis\" \/>\n<meta property=\"og:description\" content=\"Steps to Book an Appointment for an office visit with New York Gynecology Endometriosis (NYGE) for New Local Patient only\" \/>\n<meta property=\"og:url\" content=\"https:\/\/nygendometriosis.com\/es\/nueva-local-paciente-nueva-york-city\/\" \/>\n<meta property=\"og:site_name\" content=\"New York Gynecology Endometriosis\" \/>\n<meta property=\"article:modified_time\" content=\"2023-08-19T20:46:59+00:00\" \/>\n<meta name=\"twitter:card\" content=\"summary_large_image\" \/>\n<meta name=\"twitter:label1\" content=\"Tiempo de lectura\" \/>\n\t<meta name=\"twitter:data1\" content=\"2 minutos\" \/>\n<script type=\"application\/ld+json\" class=\"yoast-schema-graph\">{\"@context\":\"https:\\\/\\\/schema.org\",\"@graph\":[{\"@type\":\"WebPage\",\"@id\":\"https:\\\/\\\/nygendometriosis.com\\\/new-local-patient-new-york-city\\\/\",\"url\":\"https:\\\/\\\/nygendometriosis.com\\\/new-local-patient-new-york-city\\\/\",\"name\":\"New Local Patient (New York City) - New York Gynecology Endometriosis\",\"isPartOf\":{\"@id\":\"https:\\\/\\\/nygendometriosis.com\\\/#website\"},\"datePublished\":\"2023-04-11T01:14:23+00:00\",\"dateModified\":\"2023-08-19T20:46:59+00:00\",\"description\":\"Steps to Book an Appointment for an office visit with New York Gynecology Endometriosis (NYGE) for New Local Patient only\",\"breadcrumb\":{\"@id\":\"https:\\\/\\\/nygendometriosis.com\\\/new-local-patient-new-york-city\\\/#breadcrumb\"},\"inLanguage\":\"es\",\"potentialAction\":[{\"@type\":\"ReadAction\",\"target\":[\"https:\\\/\\\/nygendometriosis.com\\\/new-local-patient-new-york-city\\\/\"]}]},{\"@type\":\"BreadcrumbList\",\"@id\":\"https:\\\/\\\/nygendometriosis.com\\\/new-local-patient-new-york-city\\\/#breadcrumb\",\"itemListElement\":[{\"@type\":\"ListItem\",\"position\":1,\"name\":\"Home\",\"item\":\"https:\\\/\\\/nygendometriosis.com\\\/\"},{\"@type\":\"ListItem\",\"position\":2,\"name\":\"New Local Patient (New York City)\"}]},{\"@type\":\"WebSite\",\"@id\":\"https:\\\/\\\/nygendometriosis.com\\\/#website\",\"url\":\"https:\\\/\\\/nygendometriosis.com\\\/\",\"name\":\"New York Gynecology Endometriosis\",\"description\":\"The Center of Surgical Excellence for Treating Endometriosis in New York\",\"potentialAction\":[{\"@type\":\"SearchAction\",\"target\":{\"@type\":\"EntryPoint\",\"urlTemplate\":\"https:\\\/\\\/nygendometriosis.com\\\/?s={search_term_string}\"},\"query-input\":{\"@type\":\"PropertyValueSpecification\",\"valueRequired\":true,\"valueName\":\"search_term_string\"}}],\"inLanguage\":\"es\"}]}<\/script>\n<!-- \/ Yoast SEO plugin. -->","yoast_head_json":{"title":"New Local Patient (New York City) - New York Gynecology Endometriosis","description":"Steps to Book an Appointment for an office visit with New York Gynecology Endometriosis (NYGE) for New Local Patient only","robots":{"index":"index","follow":"follow","max-snippet":"max-snippet:-1","max-image-preview":"max-image-preview:large","max-video-preview":"max-video-preview:-1"},"canonical":"https:\/\/nygendometriosis.com\/es\/nueva-local-paciente-nueva-york-city\/","og_locale":"es_ES","og_type":"article","og_title":"New Local Patient (New York City) - New York Gynecology Endometriosis","og_description":"Steps to Book an Appointment for an office visit with New York Gynecology Endometriosis (NYGE) for New Local Patient only","og_url":"https:\/\/nygendometriosis.com\/es\/nueva-local-paciente-nueva-york-city\/","og_site_name":"New York Gynecology Endometriosis","article_modified_time":"2023-08-19T20:46:59+00:00","twitter_card":"summary_large_image","twitter_misc":{"Tiempo de lectura":"2 minutos"},"schema":{"@context":"https:\/\/schema.org","@graph":[{"@type":"WebPage","@id":"https:\/\/nygendometriosis.com\/new-local-patient-new-york-city\/","url":"https:\/\/nygendometriosis.com\/new-local-patient-new-york-city\/","name":"New Local Patient (New York City) - New York Gynecology Endometriosis","isPartOf":{"@id":"https:\/\/nygendometriosis.com\/#website"},"datePublished":"2023-04-11T01:14:23+00:00","dateModified":"2023-08-19T20:46:59+00:00","description":"Steps to Book an Appointment for an office visit with New York Gynecology Endometriosis (NYGE) for New Local Patient only","breadcrumb":{"@id":"https:\/\/nygendometriosis.com\/new-local-patient-new-york-city\/#breadcrumb"},"inLanguage":"es","potentialAction":[{"@type":"ReadAction","target":["https:\/\/nygendometriosis.com\/new-local-patient-new-york-city\/"]}]},{"@type":"BreadcrumbList","@id":"https:\/\/nygendometriosis.com\/new-local-patient-new-york-city\/#breadcrumb","itemListElement":[{"@type":"ListItem","position":1,"name":"Home","item":"https:\/\/nygendometriosis.com\/"},{"@type":"ListItem","position":2,"name":"New Local Patient (New York City)"}]},{"@type":"WebSite","@id":"https:\/\/nygendometriosis.com\/#website","url":"https:\/\/nygendometriosis.com\/","name":"New York Gynecology Endometriosis","description":"El Centro de Excelencia Quir\u00fargica para el Tratamiento de la Endometriosis en Nueva York","potentialAction":[{"@type":"SearchAction","target":{"@type":"EntryPoint","urlTemplate":"https:\/\/nygendometriosis.com\/?s={search_term_string}"},"query-input":{"@type":"PropertyValueSpecification","valueRequired":true,"valueName":"search_term_string"}}],"inLanguage":"es"}]}},"_links":{"self":[{"href":"https:\/\/nygendometriosis.com\/es\/wp-json\/wp\/v2\/pages\/2652","targetHints":{"allow":["GET"]}}],"collection":[{"href":"https:\/\/nygendometriosis.com\/es\/wp-json\/wp\/v2\/pages"}],"about":[{"href":"https:\/\/nygendometriosis.com\/es\/wp-json\/wp\/v2\/types\/page"}],"author":[{"embeddable":true,"href":"https:\/\/nygendometriosis.com\/es\/wp-json\/wp\/v2\/users\/1"}],"replies":[{"embeddable":true,"href":"https:\/\/nygendometriosis.com\/es\/wp-json\/wp\/v2\/comments?post=2652"}],"version-history":[{"count":5,"href":"https:\/\/nygendometriosis.com\/es\/wp-json\/wp\/v2\/pages\/2652\/revisions"}],"predecessor-version":[{"id":7078,"href":"https:\/\/nygendometriosis.com\/es\/wp-json\/wp\/v2\/pages\/2652\/revisions\/7078"}],"wp:attachment":[{"href":"https:\/\/nygendometriosis.com\/es\/wp-json\/wp\/v2\/media?parent=2652"}],"curies":[{"name":"wp","href":"https:\/\/api.w.org\/{rel}","templated":true}]}}